{"id":6085,"date":"2022-03-09T22:51:13","date_gmt":"2022-03-09T22:51:13","guid":{"rendered":"https:\/\/www.asofinbolivia.com\/?page_id=6085"},"modified":"2024-12-17T15:57:14","modified_gmt":"2024-12-17T19:57:14","slug":"actualidad","status":"publish","type":"page","link":"https:\/\/asofinbolivia.com\/index.php\/actualidad\/","title":{"rendered":"Actualidad"},"content":{"rendered":"\t\t<div data-elementor-type=\"wp-page\" data-elementor-id=\"6085\" class=\"elementor elementor-6085\" data-elementor-post-type=\"page\">\n\t\t\t\t\t\t<section class=\"elementor-section elementor-top-section elementor-element elementor-element-a879a32 elementor-section-height-min-height elementor-section-boxed elementor-section-height-default elementor-section-items-middle\" data-id=\"a879a32\" data-element_type=\"section\" data-settings=\"{&quot;background_background&quot;:&quot;classic&quot;}\">\n\t\t\t\t\t\t<div class=\"elementor-container elementor-column-gap-default\">\n\t\t\t\t\t<div class=\"elementor-column elementor-col-50 elementor-top-column elementor-element elementor-element-50b62f7\" data-id=\"50b62f7\" data-element_type=\"column\">\n\t\t\t<div class=\"elementor-widget-wrap elementor-element-populated\">\n\t\t\t\t\t\t<div class=\"elementor-element elementor-element-436abd7 animated-slow elementor-invisible elementor-widget elementor-widget-elementskit-heading\" data-id=\"436abd7\" data-element_type=\"widget\" data-settings=\"{&quot;_animation&quot;:&quot;fadeInLeft&quot;}\" data-widget_type=\"elementskit-heading.default\">\n\t\t\t\t<div class=\"elementor-widget-container\">\n\t\t\t\t\t<div class=\"ekit-wid-con\" ><div class=\"ekit-heading elementskit-section-title-wraper text_center   ekit_heading_tablet-   ekit_heading_mobile-\"><h2 class=\"ekit-heading--title elementskit-section-title \">Capacitaci\u00f3n<\/h2><\/div><\/div>\t\t\t\t<\/div>\n\t\t\t\t<\/div>\n\t\t\t\t\t<\/div>\n\t\t<\/div>\n\t\t\t\t<div class=\"elementor-column elementor-col-50 elementor-top-column elementor-element elementor-element-7258b84 elementor-hidden-tablet elementor-hidden-mobile\" data-id=\"7258b84\" data-element_type=\"column\">\n\t\t\t<div class=\"elementor-widget-wrap elementor-element-populated\">\n\t\t\t\t\t\t\t<\/div>\n\t\t<\/div>\n\t\t\t\t\t<\/div>\n\t\t<\/section>\n\t\t\t\t<section class=\"elementor-section elementor-top-section elementor-element elementor-element-1733148 elementor-section-boxed elementor-section-height-default elementor-section-height-default\" data-id=\"1733148\" data-element_type=\"section\">\n\t\t\t\t\t\t<div class=\"elementor-container elementor-column-gap-default\">\n\t\t\t\t\t<div class=\"elementor-column elementor-col-100 elementor-top-column elementor-element elementor-element-5a2d34b\" data-id=\"5a2d34b\" data-element_type=\"column\">\n\t\t\t<div class=\"elementor-widget-wrap elementor-element-populated\">\n\t\t\t\t\t\t<div class=\"elementor-element elementor-element-c0b0cd1 elementor-widget elementor-widget-spacer\" data-id=\"c0b0cd1\" data-element_type=\"widget\" data-widget_type=\"spacer.default\">\n\t\t\t\t<div class=\"elementor-widget-container\">\n\t\t\t\t\t\t\t<div class=\"elementor-spacer\">\n\t\t\t<div class=\"elementor-spacer-inner\"><\/div>\n\t\t<\/div>\n\t\t\t\t\t\t<\/div>\n\t\t\t\t<\/div>\n\t\t\t\t<div class=\"elementor-element elementor-element-a9f7466 animated-slow elementor-invisible elementor-widget elementor-widget-heading\" data-id=\"a9f7466\" data-element_type=\"widget\" data-settings=\"{&quot;_animation&quot;:&quot;rollIn&quot;,&quot;_animation_delay&quot;:1000}\" data-widget_type=\"heading.default\">\n\t\t\t\t<div class=\"elementor-widget-container\">\n\t\t\t\t\t<h2 class=\"elementor-heading-title elementor-size-default\">Actualidad<\/h2>\t\t\t\t<\/div>\n\t\t\t\t<\/div>\n\t\t\t\t<div class=\"elementor-element elementor-element-f42d133 elementor-widget elementor-widget-spacer\" data-id=\"f42d133\" data-element_type=\"widget\" data-widget_type=\"spacer.default\">\n\t\t\t\t<div class=\"elementor-widget-container\">\n\t\t\t\t\t\t\t<div class=\"elementor-spacer\">\n\t\t\t<div class=\"elementor-spacer-inner\"><\/div>\n\t\t<\/div>\n\t\t\t\t\t\t<\/div>\n\t\t\t\t<\/div>\n\t\t\t\t\t<\/div>\n\t\t<\/div>\n\t\t\t\t\t<\/div>\n\t\t<\/section>\n\t\t\t\t<section class=\"elementor-section elementor-top-section elementor-element elementor-element-75044ef animated-fast elementor-section-boxed elementor-section-height-default elementor-section-height-default elementor-invisible\" data-id=\"75044ef\" data-element_type=\"section\" data-settings=\"{&quot;animation&quot;:&quot;slideInUp&quot;,&quot;animation_delay&quot;:2000}\">\n\t\t\t\t\t\t<div class=\"elementor-container elementor-column-gap-default\">\n\t\t\t\t\t<div class=\"elementor-column elementor-col-100 elementor-top-column elementor-element elementor-element-2746dd4\" data-id=\"2746dd4\" data-element_type=\"column\">\n\t\t\t<div class=\"elementor-widget-wrap elementor-element-populated\">\n\t\t\t\t\t\t<div class=\"elementor-element elementor-element-04eedaa card__collection premium-blog-align-left elementor-invisible elementor-widget elementor-widget-premium-addon-blog\" data-id=\"04eedaa\" data-element_type=\"widget\" data-settings=\"{&quot;premium_blog_columns_number&quot;:&quot;33.33%&quot;,&quot;_animation&quot;:&quot;bounceInUp&quot;,&quot;_animation_delay&quot;:1000,&quot;premium_blog_grid&quot;:&quot;yes&quot;,&quot;premium_blog_layout&quot;:&quot;even&quot;,&quot;premium_blog_columns_number_tablet&quot;:&quot;50%&quot;,&quot;premium_blog_columns_number_mobile&quot;:&quot;100%&quot;,&quot;scroll_to_offset&quot;:&quot;yes&quot;}\" data-widget_type=\"premium-addon-blog.default\">\n\t\t\t\t\t\r\n\t\t\t\t\t\t\t<div class=\"premium-blog-filter\">\r\n\t\t\t<ul class=\"premium-blog-filters-container\">\r\n\t\t\t\t\t\t\t\t\t<li>\r\n\t\t\t\t\t\t<a href=\"javascript:;\" class=\"category active\" data-filter=\"*\">\r\n\t\t\t\t\t\t\tTodos\t\t\t\t\t\t<\/a>\r\n\t\t\t\t\t<\/li>\r\n\t\t\t\t\t\t\t\t\t\t\t\t\t\t<li>\r\n\t\t\t\t\t\t\t<a href=\"javascript:;\" class=\"category\" data-filter=\"cursos-internacionales\">\r\n\t\t\t\t\t\t\t\tCursos Internacionales\t\t\t\t\t\t\t<\/a>\r\n\t\t\t\t\t\t<\/li>\r\n\t\t\t\t\t\t\t\t\t\t<li>\r\n\t\t\t\t\t\t\t<a href=\"javascript:;\" class=\"category\" data-filter=\"curso-nacional\">\r\n\t\t\t\t\t\t\t\tCursos Nacionales\t\t\t\t\t\t\t<\/a>\r\n\t\t\t\t\t\t<\/li>\r\n\t\t\t\t\t\t\t\t\t\t<li>\r\n\t\t\t\t\t\t\t<a href=\"javascript:;\" class=\"category\" data-filter=\"eventos\">\r\n\t\t\t\t\t\t\t\tEventos\t\t\t\t\t\t\t<\/a>\r\n\t\t\t\t\t\t<\/li>\r\n\t\t\t\t\t\t\t<\/ul>\r\n\t\t<\/div>\r\n\t\t\t\t\t\t<div class=\"premium-blog-wrap  premium-blog-even\" data-page=\"6085\" data-pagination=\"true\">\r\n\t\t\t\t\t<article class=\"premium-blog-post-outer-container curso-nacional eventos noticias\" data-total=\"7\">\r\n\t\t\t<div class=\"premium-blog-post-container premium-blog-skin-modern\">\r\n\t\t\t\t\t\t\t\t\t\t\t\t<div class=\"premium-blog-content-wrapper empty-thumb\">\r\n\r\n\t\t\t\t\t<div class=\"premium-blog-inner-container\">\r\n\r\n\t\t\t\t\t\t\t\t\t\t\t\t\t\t<h2 class=\"premium-blog-entry-title\">\r\n\t\t\t<a href=\"https:\/\/asofinbolivia.com\/index.php\/2025\/08\/19\/asofin-workshop-de-cocreacion-de-productos-financieros-verdes\/\" target=\"_self\">\r\n\t\t\t\tASOFIN: WORKSHOP DE COCREACI\u00d3N DE PRODUCTOS FINANCIEROS VERDES\t\t\t<\/a>\r\n\t\t<\/h2>\r\n\t\t\t\t<div class=\"premium-blog-entry-meta\">\r\n\t\t\t\r\n\t\t\t\r\n\t\t\t\r\n\t\t\t\t\t<\/div>\r\n\t\t\r\n\t\t\t\t\t<\/div>\r\n\r\n\t\t\t\t\t\t\t<div class=\"premium-blog-content-inner-wrapper\">\r\n\t\t<p class=\"premium-blog-post-content\"><p><b>Fecha:<\/b>19 de julio de 2025<\/p>\n<p>\n<span class=\"cards--two__rect\"><\/span>\n<span class=\"cards--two__tri\"><\/span><\/p><div class=\"premium-blog-excerpt-link-wrap\"><a href=\"https:\/\/asofinbolivia.com\/index.php\/2025\/08\/19\/asofin-workshop-de-cocreacion-de-productos-financieros-verdes\/\" target=\"_self\" class=\"premium-blog-excerpt-link elementor-button\">Ver m\u00e1s<\/a><\/div>\t\t<\/div>\r\n\t\t\t\t\t\t\t\r\n\t\t\t\t<\/div>\r\n\t\t\t<\/div>\r\n\t\t<\/article>\r\n\r\n\t\t\t\t<article class=\"premium-blog-post-outer-container eventos noticias\" data-total=\"7\">\r\n\t\t\t<div class=\"premium-blog-post-container premium-blog-skin-modern\">\r\n\t\t\t\t\t\t\t\t\t\t\t\t<div class=\"premium-blog-content-wrapper empty-thumb\">\r\n\r\n\t\t\t\t\t<div class=\"premium-blog-inner-container\">\r\n\r\n\t\t\t\t\t\t\t\t\t\t\t\t\t\t<h2 class=\"premium-blog-entry-title\">\r\n\t\t\t<a href=\"https:\/\/asofinbolivia.com\/index.php\/2025\/02\/19\/lanzamiento-red-de-desarrollo-financiero-sostenible-bolivia\/\" target=\"_self\">\r\n\t\t\t\tLANZAMIENTO &#8211; RED DE DESARROLLO FINANCIERO SOSTENIBLE &#8211; BOLIVIA\t\t\t<\/a>\r\n\t\t<\/h2>\r\n\t\t\t\t<div class=\"premium-blog-entry-meta\">\r\n\t\t\t\r\n\t\t\t\r\n\t\t\t\r\n\t\t\t\t\t<\/div>\r\n\t\t\r\n\t\t\t\t\t<\/div>\r\n\r\n\t\t\t\t\t\t\t<div class=\"premium-blog-content-inner-wrapper\">\r\n\t\t<p class=\"premium-blog-post-content\"><p><b>Fecha:<\/b> 18 de febrero de 2025<\/p>\n<p>\n<span class=\"cards--two__rect\"><\/span>\n<span class=\"cards--two__tri\"><\/span><\/p><div class=\"premium-blog-excerpt-link-wrap\"><a href=\"https:\/\/asofinbolivia.com\/index.php\/2025\/02\/19\/lanzamiento-red-de-desarrollo-financiero-sostenible-bolivia\/\" target=\"_self\" class=\"premium-blog-excerpt-link elementor-button\">Ver m\u00e1s<\/a><\/div>\t\t<\/div>\r\n\t\t\t\t\t\t\t\r\n\t\t\t\t<\/div>\r\n\t\t\t<\/div>\r\n\t\t<\/article>\r\n\r\n\t\t\t\t<article class=\"premium-blog-post-outer-container curso-nacional educacion-financiera eventos noticias\" data-total=\"7\">\r\n\t\t\t<div class=\"premium-blog-post-container premium-blog-skin-modern\">\r\n\t\t\t\t\t\t\t\t\t\t\t\t<div class=\"premium-blog-content-wrapper empty-thumb\">\r\n\r\n\t\t\t\t\t<div class=\"premium-blog-inner-container\">\r\n\r\n\t\t\t\t\t\t\t\t\t\t\t\t\t\t<h2 class=\"premium-blog-entry-title\">\r\n\t\t\t<a href=\"https:\/\/asofinbolivia.com\/index.php\/2023\/10\/16\/1ra-jornada-departamental-de-educacion-financiera-organizado-por-la-facultad-de-ciencias-contables-y-asofin\/\" target=\"_self\">\r\n\t\t\t\t1ra. Jornada Departamental de Educaci\u00f3n Financiera organizado por la Facultad de Ciencias Contables y ASOFIN\t\t\t<\/a>\r\n\t\t<\/h2>\r\n\t\t\t\t<div class=\"premium-blog-entry-meta\">\r\n\t\t\t\r\n\t\t\t\r\n\t\t\t\r\n\t\t\t\t\t<\/div>\r\n\t\t\r\n\t\t\t\t\t<\/div>\r\n\r\n\t\t\t\t\t\t\t<div class=\"premium-blog-content-inner-wrapper\">\r\n\t\t<p class=\"premium-blog-post-content\"><p><b>Fecha:<\/b> 07 de julio de 2023<\/p>\n<p><b>Organizado por:<\/b> ASOFIN<\/p>\n<p>\n<span class=\"cards--two__rect\"><\/span>\n<span class=\"cards--two__tri\"><\/span><\/p><div class=\"premium-blog-excerpt-link-wrap\"><a href=\"https:\/\/asofinbolivia.com\/index.php\/2023\/10\/16\/1ra-jornada-departamental-de-educacion-financiera-organizado-por-la-facultad-de-ciencias-contables-y-asofin\/\" target=\"_self\" class=\"premium-blog-excerpt-link elementor-button\">Ver m\u00e1s<\/a><\/div>\t\t<\/div>\r\n\t\t\t\t\t\t\t\r\n\t\t\t\t<\/div>\r\n\t\t\t<\/div>\r\n\t\t<\/article>\r\n\r\n\t\t\t\t<article class=\"premium-blog-post-outer-container educacion-financiera eventos noticias seminarios\" data-total=\"7\">\r\n\t\t\t<div class=\"premium-blog-post-container premium-blog-skin-modern\">\r\n\t\t\t\t\t\t\t\t\t\t\t\t<div class=\"premium-blog-content-wrapper empty-thumb\">\r\n\r\n\t\t\t\t\t<div class=\"premium-blog-inner-container\">\r\n\r\n\t\t\t\t\t\t\t\t\t\t\t\t\t\t<h2 class=\"premium-blog-entry-title\">\r\n\t\t\t<a href=\"https:\/\/asofinbolivia.com\/index.php\/2023\/08\/24\/banco-fortaleza-s-a-participo-en-la-jornada-de-educacion-financiera-en-uac-de-la-ucb\/\" target=\"_self\">\r\n\t\t\t\tBanco Fortaleza S.A. participo en la Jornada de Educaci\u00f3n Financiera en UAC de la UCB\t\t\t<\/a>\r\n\t\t<\/h2>\r\n\t\t\t\t<div class=\"premium-blog-entry-meta\">\r\n\t\t\t\r\n\t\t\t\r\n\t\t\t\r\n\t\t\t\t\t<\/div>\r\n\t\t\r\n\t\t\t\t\t<\/div>\r\n\r\n\t\t\t\t\t\t\t<div class=\"premium-blog-content-inner-wrapper\">\r\n\t\t<p class=\"premium-blog-post-content\"><p><b>Fecha:<\/b> 15 de agosto de 2023<\/p>\n<p><b>Organizado por:<\/b> ASOFIN &amp; Banco Fortaleza<\/p>\n<p>\n<span class=\"cards--two__rect\"><\/span>\n<span class=\"cards--two__tri\"><\/span><\/p><div class=\"premium-blog-excerpt-link-wrap\"><a href=\"https:\/\/asofinbolivia.com\/index.php\/2023\/08\/24\/banco-fortaleza-s-a-participo-en-la-jornada-de-educacion-financiera-en-uac-de-la-ucb\/\" target=\"_self\" class=\"premium-blog-excerpt-link elementor-button\">Ver m\u00e1s<\/a><\/div>\t\t<\/div>\r\n\t\t\t\t\t\t\t\r\n\t\t\t\t<\/div>\r\n\t\t\t<\/div>\r\n\t\t<\/article>\r\n\r\n\t\t\t\t<article class=\"premium-blog-post-outer-container educacion-financiera eventos noticias seminarios\" data-total=\"7\">\r\n\t\t\t<div class=\"premium-blog-post-container premium-blog-skin-modern\">\r\n\t\t\t\t\t\t\t\t\t\t\t\t<div class=\"premium-blog-content-wrapper empty-thumb\">\r\n\r\n\t\t\t\t\t<div class=\"premium-blog-inner-container\">\r\n\r\n\t\t\t\t\t\t\t\t\t\t\t\t\t\t<h2 class=\"premium-blog-entry-title\">\r\n\t\t\t<a href=\"https:\/\/asofinbolivia.com\/index.php\/2023\/07\/10\/asofin-realizo-una-jornada-de-educacion-financiera-en-el-municipio-de-viacha\/\" target=\"_self\">\r\n\t\t\t\tASOFIN realiz\u00f3 una jornada de Educaci\u00f3n Financiera en el municipio de Viacha\t\t\t<\/a>\r\n\t\t<\/h2>\r\n\t\t\t\t<div class=\"premium-blog-entry-meta\">\r\n\t\t\t\r\n\t\t\t\r\n\t\t\t\r\n\t\t\t\t\t<\/div>\r\n\t\t\r\n\t\t\t\t\t<\/div>\r\n\r\n\t\t\t\t\t\t\t<div class=\"premium-blog-content-inner-wrapper\">\r\n\t\t<p class=\"premium-blog-post-content\"><p><b>Fecha:<\/b> 07 de julio de 2023<\/p>\n<p><b>Organizado por:<\/b> ASOFIN<\/p>\n<p>\n<span class=\"cards--two__rect\"><\/span>\n<span class=\"cards--two__tri\"><\/span><\/p><div class=\"premium-blog-excerpt-link-wrap\"><a href=\"https:\/\/asofinbolivia.com\/index.php\/2023\/07\/10\/asofin-realizo-una-jornada-de-educacion-financiera-en-el-municipio-de-viacha\/\" target=\"_self\" class=\"premium-blog-excerpt-link elementor-button\">Ver m\u00e1s<\/a><\/div>\t\t<\/div>\r\n\t\t\t\t\t\t\t\r\n\t\t\t\t<\/div>\r\n\t\t\t<\/div>\r\n\t\t<\/article>\r\n\r\n\t\t\t\t<article class=\"premium-blog-post-outer-container eventos nota-de-prensa noticias\" data-total=\"7\">\r\n\t\t\t<div class=\"premium-blog-post-container premium-blog-skin-modern\">\r\n\t\t\t\t\t\t\t\t\t\t\t\t<div class=\"premium-blog-content-wrapper empty-thumb\">\r\n\r\n\t\t\t\t\t<div class=\"premium-blog-inner-container\">\r\n\r\n\t\t\t\t\t\t\t\t\t\t\t\t\t\t<h2 class=\"premium-blog-entry-title\">\r\n\t\t\t<a href=\"https:\/\/asofinbolivia.com\/index.php\/2023\/05\/05\/asofin-y-gri-firmaron-un-memorandum-de-entendimiento\/\" target=\"_self\">\r\n\t\t\t\tASOFIN y GRI firmaron un Memor\u00e1ndum de Entendimiento\t\t\t<\/a>\r\n\t\t<\/h2>\r\n\t\t\t\t<div class=\"premium-blog-entry-meta\">\r\n\t\t\t\r\n\t\t\t\r\n\t\t\t\r\n\t\t\t\t\t<\/div>\r\n\t\t\r\n\t\t\t\t\t<\/div>\r\n\r\n\t\t\t\t\t\t\t<div class=\"premium-blog-content-inner-wrapper\">\r\n\t\t<p class=\"premium-blog-post-content\"><p><b>Fecha:<\/b> jueves 9 de marzo de 2023<\/p>\n<p><b>Organizado por:<\/b> ONU MUJERES<\/p>\n<p>\n<span class=\"cards--two__rect\"><\/span>\n<span class=\"cards--two__tri\"><\/span><\/p><div class=\"premium-blog-excerpt-link-wrap\"><a href=\"https:\/\/asofinbolivia.com\/index.php\/2023\/05\/05\/asofin-y-gri-firmaron-un-memorandum-de-entendimiento\/\" target=\"_self\" class=\"premium-blog-excerpt-link elementor-button\">Ver m\u00e1s<\/a><\/div>\t\t<\/div>\r\n\t\t\t\t\t\t\t\r\n\t\t\t\t<\/div>\r\n\t\t\t<\/div>\r\n\t\t<\/article>\r\n\r\n\t\t\t\t<\/div>\r\n\r\n\t\t\t\t<div class=\"premium-blog-footer\">\r\n\t\t\t\t\t\t<nav class=\"premium-blog-pagination-container\" role=\"navigation\" aria-label=\"Pagination\">\r\n\t\t\t\t<span aria-current=\"page\" class=\"page-numbers current\">1<\/span>\n<a class=\"page-numbers\" href=\"https:\/\/asofinbolivia.com\/index.php\/wp-json\/wp\/v2\/pages\/6085\/page\/2\/\">2<\/a>\n<a class=\"page-numbers\" href=\"https:\/\/asofinbolivia.com\/index.php\/wp-json\/wp\/v2\/pages\/6085\/page\/3\/\">3<\/a>\n<span class=\"page-numbers dots\">&hellip;<\/span>\n<a class=\"page-numbers\" href=\"https:\/\/asofinbolivia.com\/index.php\/wp-json\/wp\/v2\/pages\/6085\/page\/5\/\">5<\/a>\n<a class=\"next page-numbers\" href=\"https:\/\/asofinbolivia.com\/index.php\/wp-json\/wp\/v2\/pages\/6085\/page\/2\/\">Siguiente \u00bb<\/a>\t\t\t<\/nav>\r\n\t\t\t\t\t<\/div>\r\n\t\t\t\t\t\t\t<\/div>\n\t\t\t\t\t<\/div>\n\t\t<\/div>\n\t\t\t\t\t<\/div>\n\t\t<\/section>\n\t\t\t\t<section class=\"elementor-section elementor-top-section elementor-element elementor-element-225b364 elementor-section-boxed elementor-section-height-default elementor-section-height-default\" data-id=\"225b364\" data-element_type=\"section\">\n\t\t\t\t\t\t<div class=\"elementor-container elementor-column-gap-default\">\n\t\t\t\t\t<div class=\"elementor-column elementor-col-100 elementor-top-column elementor-element elementor-element-f1ee331\" data-id=\"f1ee331\" data-element_type=\"column\">\n\t\t\t<div class=\"elementor-widget-wrap elementor-element-populated\">\n\t\t\t\t\t\t<div class=\"elementor-element elementor-element-45caa8a elementor-widget elementor-widget-spacer\" data-id=\"45caa8a\" data-element_type=\"widget\" data-widget_type=\"spacer.default\">\n\t\t\t\t<div class=\"elementor-widget-container\">\n\t\t\t\t\t\t\t<div class=\"elementor-spacer\">\n\t\t\t<div class=\"elementor-spacer-inner\"><\/div>\n\t\t<\/div>\n\t\t\t\t\t\t<\/div>\n\t\t\t\t<\/div>\n\t\t\t\t\t<\/div>\n\t\t<\/div>\n\t\t\t\t\t<\/div>\n\t\t<\/section>\n\t\t\t\t<\/div>\n\t\t","protected":false},"excerpt":{"rendered":"<p>Capacitaci\u00f3n Actualidad Todos Cursos Internacionales Cursos Nacionales Eventos ASOFIN y ONU Mujeres firmaron un Memor\u00e1ndum de Entendimiento Fecha: jueves 9 de marzo de 2023 Organizado por: ONU MUJERES Ver m\u00e1s Proteger la lactancia es una responsabilidad compartida Fecha: jueves 8 de diciembre Organizado por: Ministerio de Salud y Deportes y UNICEF con el apoyo de [&hellip;]<\/p>\n","protected":false},"author":2,"featured_media":0,"parent":0,"menu_order":0,"comment_status":"closed","ping_status":"closed","template":"elementor_header_footer","meta":{"footnotes":""},"class_list":["post-6085","page","type-page","status-publish","hentry"],"_links":{"self":[{"href":"https:\/\/asofinbolivia.com\/index.php\/wp-json\/wp\/v2\/pages\/6085","targetHints":{"allow":["GET"]}}],"collection":[{"href":"https:\/\/asofinbolivia.com\/index.php\/wp-json\/wp\/v2\/pages"}],"about":[{"href":"https:\/\/asofinbolivia.com\/index.php\/wp-json\/wp\/v2\/types\/page"}],"author":[{"embeddable":true,"href":"https:\/\/asofinbolivia.com\/index.php\/wp-json\/wp\/v2\/users\/2"}],"replies":[{"embeddable":true,"href":"https:\/\/asofinbolivia.com\/index.php\/wp-json\/wp\/v2\/comments?post=6085"}],"version-history":[{"count":0,"href":"https:\/\/asofinbolivia.com\/index.php\/wp-json\/wp\/v2\/pages\/6085\/revisions"}],"wp:attachment":[{"href":"https:\/\/asofinbolivia.com\/index.php\/wp-json\/wp\/v2\/media?parent=6085"}],"curies":[{"name":"wp","href":"https:\/\/api.w.org\/{rel}","templated":true}]}}